{"id":370,"date":"2020-09-05T16:21:18","date_gmt":"2020-09-05T16:21:18","guid":{"rendered":"https:\/\/rforrural.com\/?page_id=370"},"modified":"2020-09-05T16:23:37","modified_gmt":"2020-09-05T16:23:37","slug":"huile-dolive","status":"publish","type":"page","link":"https:\/\/rforrural.com\/?page_id=370&lang=fr","title":{"rendered":"Huile d&#8217;olive"},"content":{"rendered":"<div class=\"QmZWSe\">\n<p><img loading=\"lazy\" decoding=\"async\" class=\"size-large wp-image-337 aligncenter\" src=\"https:\/\/rforrural.com\/wp-content\/uploads\/2020\/09\/DSC_0001-1-1024x683.jpg\" alt=\"\" width=\"1024\" height=\"683\" srcset=\"https:\/\/rforrural.com\/wp-content\/uploads\/2020\/09\/DSC_0001-1-1024x683.jpg 1024w, https:\/\/rforrural.com\/wp-content\/uploads\/2020\/09\/DSC_0001-1-300x200.jpg 300w, https:\/\/rforrural.com\/wp-content\/uploads\/2020\/09\/DSC_0001-1-768x513.jpg 768w, https:\/\/rforrural.com\/wp-content\/uploads\/2020\/09\/DSC_0001-1-1536x1025.jpg 1536w, https:\/\/rforrural.com\/wp-content\/uploads\/2020\/09\/DSC_0001-1-2048x1367.jpg 2048w, https:\/\/rforrural.com\/wp-content\/uploads\/2020\/09\/DSC_0001-1-830x554.jpg 830w, https:\/\/rforrural.com\/wp-content\/uploads\/2020\/09\/DSC_0001-1-230x154.jpg 230w, https:\/\/rforrural.com\/wp-content\/uploads\/2020\/09\/DSC_0001-1-350x234.jpg 350w, https:\/\/rforrural.com\/wp-content\/uploads\/2020\/09\/DSC_0001-1-480x320.jpg 480w\" sizes=\"auto, (max-width: 1024px) 100vw, 1024px\" \/><\/p>\n<p style=\"text-align: center;\">750 ml d&#8217;huile d&#8217;olive extra vierge de la vari\u00e9t\u00e9 Koroneiki<\/p>\n<p><img loading=\"lazy\" decoding=\"async\" class=\"size-large wp-image-338 aligncenter\" src=\"https:\/\/rforrural.com\/wp-content\/uploads\/2020\/09\/DSC_0002-1-1024x683.jpg\" alt=\"\" width=\"1024\" height=\"683\" srcset=\"https:\/\/rforrural.com\/wp-content\/uploads\/2020\/09\/DSC_0002-1-1024x683.jpg 1024w, https:\/\/rforrural.com\/wp-content\/uploads\/2020\/09\/DSC_0002-1-300x200.jpg 300w, https:\/\/rforrural.com\/wp-content\/uploads\/2020\/09\/DSC_0002-1-768x513.jpg 768w, https:\/\/rforrural.com\/wp-content\/uploads\/2020\/09\/DSC_0002-1-1536x1025.jpg 1536w, https:\/\/rforrural.com\/wp-content\/uploads\/2020\/09\/DSC_0002-1-2048x1367.jpg 2048w, https:\/\/rforrural.com\/wp-content\/uploads\/2020\/09\/DSC_0002-1-830x554.jpg 830w, https:\/\/rforrural.com\/wp-content\/uploads\/2020\/09\/DSC_0002-1-230x154.jpg 230w, https:\/\/rforrural.com\/wp-content\/uploads\/2020\/09\/DSC_0002-1-350x234.jpg 350w, https:\/\/rforrural.com\/wp-content\/uploads\/2020\/09\/DSC_0002-1-480x320.jpg 480w\" sizes=\"auto, (max-width: 1024px) 100vw, 1024px\" \/><\/p>\n<p style=\"text-align: center;\">500 ml d&#8217;huile d&#8217;olive extra vierge de la vari\u00e9t\u00e9 Koroneiki<\/p>\n<p><img loading=\"lazy\" decoding=\"async\" class=\"size-large wp-image-339 aligncenter\" src=\"https:\/\/rforrural.com\/wp-content\/uploads\/2020\/09\/DSC_0003-1-1024x683.jpg\" alt=\"\" width=\"1024\" height=\"683\" srcset=\"https:\/\/rforrural.com\/wp-content\/uploads\/2020\/09\/DSC_0003-1-1024x683.jpg 1024w, https:\/\/rforrural.com\/wp-content\/uploads\/2020\/09\/DSC_0003-1-300x200.jpg 300w, https:\/\/rforrural.com\/wp-content\/uploads\/2020\/09\/DSC_0003-1-768x513.jpg 768w, https:\/\/rforrural.com\/wp-content\/uploads\/2020\/09\/DSC_0003-1-1536x1025.jpg 1536w, https:\/\/rforrural.com\/wp-content\/uploads\/2020\/09\/DSC_0003-1-2048x1367.jpg 2048w, https:\/\/rforrural.com\/wp-content\/uploads\/2020\/09\/DSC_0003-1-830x554.jpg 830w, https:\/\/rforrural.com\/wp-content\/uploads\/2020\/09\/DSC_0003-1-230x154.jpg 230w, https:\/\/rforrural.com\/wp-content\/uploads\/2020\/09\/DSC_0003-1-350x234.jpg 350w, https:\/\/rforrural.com\/wp-content\/uploads\/2020\/09\/DSC_0003-1-480x320.jpg 480w\" sizes=\"auto, (max-width: 1024px) 100vw, 1024px\" \/><\/p>\n<p style=\"text-align: center;\">250 ml d&#8217;huile d&#8217;olive extra vierge de la vari\u00e9t\u00e9 Koroneiki<\/p>\n<p><img loading=\"lazy\" decoding=\"async\" class=\"size-large wp-image-341 aligncenter\" src=\"https:\/\/rforrural.com\/wp-content\/uploads\/2020\/09\/DSC_0004-1-1024x683.jpg\" alt=\"\" width=\"1024\" height=\"683\" srcset=\"https:\/\/rforrural.com\/wp-content\/uploads\/2020\/09\/DSC_0004-1-1024x683.jpg 1024w, https:\/\/rforrural.com\/wp-content\/uploads\/2020\/09\/DSC_0004-1-300x200.jpg 300w, https:\/\/rforrural.com\/wp-content\/uploads\/2020\/09\/DSC_0004-1-768x513.jpg 768w, https:\/\/rforrural.com\/wp-content\/uploads\/2020\/09\/DSC_0004-1-1536x1025.jpg 1536w, https:\/\/rforrural.com\/wp-content\/uploads\/2020\/09\/DSC_0004-1-2048x1367.jpg 2048w, https:\/\/rforrural.com\/wp-content\/uploads\/2020\/09\/DSC_0004-1-830x554.jpg 830w, https:\/\/rforrural.com\/wp-content\/uploads\/2020\/09\/DSC_0004-1-230x154.jpg 230w, https:\/\/rforrural.com\/wp-content\/uploads\/2020\/09\/DSC_0004-1-350x234.jpg 350w, https:\/\/rforrural.com\/wp-content\/uploads\/2020\/09\/DSC_0004-1-480x320.jpg 480w\" sizes=\"auto, (max-width: 1024px) 100vw, 1024px\" \/><\/p>\n<p style=\"text-align: center;\">100 ml d&#8217;huile d&#8217;olive extra vierge de la vari\u00e9t\u00e9 Koroneiki<\/p>\n<p>&nbsp;<\/p>\n<p>Possibilit\u00e9 de commander de l&#8217;huile d&#8217;olive en bidons de fer blanc de tailles : 100 ml, 250 ml, 500 ml, 750 ml, 1 lt, 2 lt, 3 lt, 5 lt<\/p>\n<\/div>\n","protected":false},"excerpt":{"rendered":"<p>750 ml d&#8217;huile d&#8217;olive extra vierge de la vari\u00e9t\u00e9 Koroneiki 500 ml d&#8217;huile d&#8217;olive extra vierge de la vari\u00e9t\u00e9 Koroneiki 250 ml [&hellip;]<\/p>\n","protected":false},"author":1,"featured_media":0,"parent":0,"menu_order":0,"comment_status":"closed","ping_status":"closed","template":"page-templates\/page_fullwidth.php","meta":{"_seopress_robots_primary_cat":"","_seopress_titles_title":"","_seopress_titles_desc":"","_seopress_robots_index":"","footnotes":""},"class_list":["post-370","page","type-page","status-publish","hentry"],"_links":{"self":[{"href":"https:\/\/rforrural.com\/index.php?rest_route=\/wp\/v2\/pages\/370","targetHints":{"allow":["GET"]}}],"collection":[{"href":"https:\/\/rforrural.com\/index.php?rest_route=\/wp\/v2\/pages"}],"about":[{"href":"https:\/\/rforrural.com\/index.php?rest_route=\/wp\/v2\/types\/page"}],"author":[{"embeddable":true,"href":"https:\/\/rforrural.com\/index.php?rest_route=\/wp\/v2\/users\/1"}],"replies":[{"embeddable":true,"href":"https:\/\/rforrural.com\/index.php?rest_route=%2Fwp%2Fv2%2Fcomments&post=370"}],"version-history":[{"count":5,"href":"https:\/\/rforrural.com\/index.php?rest_route=\/wp\/v2\/pages\/370\/revisions"}],"predecessor-version":[{"id":376,"href":"https:\/\/rforrural.com\/index.php?rest_route=\/wp\/v2\/pages\/370\/revisions\/376"}],"wp:attachment":[{"href":"https:\/\/rforrural.com\/index.php?rest_route=%2Fwp%2Fv2%2Fmedia&parent=370"}],"curies":[{"name":"wp","href":"https:\/\/api.w.org\/{rel}","templated":true}]}}