{"id":393,"date":"2020-09-06T07:34:35","date_gmt":"2020-09-06T07:34:35","guid":{"rendered":"https:\/\/rforrural.com\/?page_id=393"},"modified":"2020-09-06T07:34:35","modified_gmt":"2020-09-06T07:34:35","slug":"inicio","status":"publish","type":"page","link":"https:\/\/rforrural.com\/?page_id=393&lang=es","title":{"rendered":"INICIO"},"content":{"rendered":"<p>R FOR RURAL es una empresa griega reci\u00e9n fundada, que comercializa y vende aceite de oliva y miel de alta calidad.<\/p>\n<p>Colaboramos con agrupaciones de productores de toda Grecia, quienes nos suministran su aceite de oliva virgen extra. Por otro lado, nuestros apicultores nos suministran una miel de pino pura y limpia, sin pesticidas.<\/p>\n<p>Reconociendo las diferentes necesidades de sus clientes, nuestra empresa puede ofrecerles sus productos en cualquier cantidad y calidad, cumpliendo siempre con la normativa nutricional y las respectivas disposiciones legales vigentes en la Uni\u00f3n Europea. Adem\u00e1s, ofrecemos a los clientes todos los tama\u00f1os de envase que se presentan en nuestro cat\u00e1logo de productos de miel y aceite de oliva.<\/p>\n<p><strong>NUESTRO OBJETIVO<\/strong><br \/>\nEl objetivo de R FOR RURAL es ofrecer los mejores servicios a sus clientes, respetando sus necesidades y forjando una relaci\u00f3n de confianza mutua.<\/p>\n<p><strong>NUESTRA VISI\u00d3N<\/strong><br \/>\nLa visi\u00f3n de R FOR RURAL es su desarrollo continuo y la expansi\u00f3n de su oferta, a\u00f1adiendo m\u00e1s productos agr\u00edcolas a su cat\u00e1logo. Nuestro punto de referencia es siempre la satisfacci\u00f3n del cliente y la venta de productos griegos naturales y puros.<\/p>\n","protected":false},"excerpt":{"rendered":"<p>R FOR RURAL es una empresa griega reci\u00e9n fundada, que comercializa y vende aceite de oliva y miel de alta calidad. Colaboramos [&hellip;]<\/p>\n","protected":false},"author":1,"featured_media":0,"parent":0,"menu_order":0,"comment_status":"closed","ping_status":"closed","template":"page-templates\/page_fullwidth.php","meta":{"_seopress_robots_primary_cat":"","_seopress_titles_title":"","_seopress_titles_desc":"","_seopress_robots_index":"","footnotes":""},"class_list":["post-393","page","type-page","status-publish","hentry"],"_links":{"self":[{"href":"https:\/\/rforrural.com\/index.php?rest_route=\/wp\/v2\/pages\/393","targetHints":{"allow":["GET"]}}],"collection":[{"href":"https:\/\/rforrural.com\/index.php?rest_route=\/wp\/v2\/pages"}],"about":[{"href":"https:\/\/rforrural.com\/index.php?rest_route=\/wp\/v2\/types\/page"}],"author":[{"embeddable":true,"href":"https:\/\/rforrural.com\/index.php?rest_route=\/wp\/v2\/users\/1"}],"replies":[{"embeddable":true,"href":"https:\/\/rforrural.com\/index.php?rest_route=%2Fwp%2Fv2%2Fcomments&post=393"}],"version-history":[{"count":1,"href":"https:\/\/rforrural.com\/index.php?rest_route=\/wp\/v2\/pages\/393\/revisions"}],"predecessor-version":[{"id":395,"href":"https:\/\/rforrural.com\/index.php?rest_route=\/wp\/v2\/pages\/393\/revisions\/395"}],"wp:attachment":[{"href":"https:\/\/rforrural.com\/index.php?rest_route=%2Fwp%2Fv2%2Fmedia&parent=393"}],"curies":[{"name":"wp","href":"https:\/\/api.w.org\/{rel}","templated":true}]}}