{"id":443,"date":"2020-09-06T10:49:12","date_gmt":"2020-09-06T10:49:12","guid":{"rendered":"https:\/\/rforrural.com\/?page_id=443"},"modified":"2020-09-06T10:49:12","modified_gmt":"2020-09-06T10:49:12","slug":"acasa","status":"publish","type":"page","link":"https:\/\/rforrural.com\/?page_id=443&lang=ro","title":{"rendered":"ACAS\u0102"},"content":{"rendered":"<p>Suntem o societate comercial\u0103 nou \u00eenfiin\u021bat\u0103, persoan\u0103 juridic\u0103 elen\u0103, care avem obiectiv de activitate comercializarea \u0219i v\u00e2nzarea uleiului de m\u0103sline \u0219i a mierii de albine, de cea mai \u00eenalt\u0103 calitate.<\/p>\n<p>Referitor la uleiul de m\u0103sline, colabor\u0103m cu grupuri de produc\u0103tori din toat\u0103 Grecia, care ne aprovizioneaz\u0103 cu ulei de m\u0103sline extra-virgin, din produc\u021bia proprie. La fel cu mierea de albine, ne aprovizion\u0103m cu miere curat\u0103 \u0219i pur\u0103, din floare de pin, care nu a fost infestat\u0103 cu insecticide sau pesticide.<\/p>\n<p>Societatea noastr\u0103, cunosc\u00e2nd nevoile diverse ale clien\u021bilor no\u0219trii, are posibilitatea de a pune la dispozi\u021bia acestora, produse \u00een orice cantitate \u0219i de calitatea dorit\u0103, \u00een func\u021bie de cererea acestora, respect\u00e2nd toate regulile de alimenta\u021bie \u0219i prevederile legisla\u021biei \u00een vigoare din Uniunea European\u0103, precum \u0219i orice m\u0103rime de ambalaj, men\u021bionat\u0103 \u00een catalogul nostru de produse, fie ulei de m\u0103sline, fie miere de albine, dup\u0103 cerin\u021bele fiec\u0103rui client \u00een parte.<\/p>\n<p><strong>SCOPUL NOSTRU<\/strong><br \/>\nScopul societ\u0103\u021bii R FOR RURAL este cea mai bun\u0103 deservire a clien\u021bilor no\u0219trii, respectarea \u00eentotdeauna a cerin\u021belor acestora, precum \u0219i contruirea unei rela\u021bii de \u00eencredere reciproc\u0103.<\/p>\n<p><strong>VIZIUNEA NOASTR\u0102<\/strong><br \/>\nR FOR RURAL are drept scop o continu\u0103 dezvoltare, precum \u0219i adaugarea altor produse agricole \u0219i alimentare \u00een catalogul nostru. \u00centotdeauna ca punct de reper, vom avea satisfacerea clien\u021bilor no\u0219trii \u0219i furnizarea celor mai pure produse grece\u0219ti.<\/p>\n","protected":false},"excerpt":{"rendered":"<p>Suntem o societate comercial\u0103 nou \u00eenfiin\u021bat\u0103, persoan\u0103 juridic\u0103 elen\u0103, care avem obiectiv de activitate comercializarea \u0219i v\u00e2nzarea uleiului de m\u0103sline \u0219i a [&hellip;]<\/p>\n","protected":false},"author":1,"featured_media":0,"parent":0,"menu_order":0,"comment_status":"closed","ping_status":"closed","template":"page-templates\/page_fullwidth.php","meta":{"_seopress_robots_primary_cat":"","_seopress_titles_title":"","_seopress_titles_desc":"","_seopress_robots_index":"","footnotes":""},"class_list":["post-443","page","type-page","status-publish","hentry"],"_links":{"self":[{"href":"https:\/\/rforrural.com\/index.php?rest_route=\/wp\/v2\/pages\/443","targetHints":{"allow":["GET"]}}],"collection":[{"href":"https:\/\/rforrural.com\/index.php?rest_route=\/wp\/v2\/pages"}],"about":[{"href":"https:\/\/rforrural.com\/index.php?rest_route=\/wp\/v2\/types\/page"}],"author":[{"embeddable":true,"href":"https:\/\/rforrural.com\/index.php?rest_route=\/wp\/v2\/users\/1"}],"replies":[{"embeddable":true,"href":"https:\/\/rforrural.com\/index.php?rest_route=%2Fwp%2Fv2%2Fcomments&post=443"}],"version-history":[{"count":1,"href":"https:\/\/rforrural.com\/index.php?rest_route=\/wp\/v2\/pages\/443\/revisions"}],"predecessor-version":[{"id":445,"href":"https:\/\/rforrural.com\/index.php?rest_route=\/wp\/v2\/pages\/443\/revisions\/445"}],"wp:attachment":[{"href":"https:\/\/rforrural.com\/index.php?rest_route=%2Fwp%2Fv2%2Fmedia&parent=443"}],"curies":[{"name":"wp","href":"https:\/\/api.w.org\/{rel}","templated":true}]}}