{"id":449,"date":"2020-09-06T10:53:30","date_gmt":"2020-09-06T10:53:30","guid":{"rendered":"https:\/\/rforrural.com\/?page_id=449"},"modified":"2020-09-06T10:53:30","modified_gmt":"2020-09-06T10:53:30","slug":"ulei-de-masline","status":"publish","type":"page","link":"https:\/\/rforrural.com\/?page_id=449&lang=ro","title":{"rendered":"ULEI DE MASLINE"},"content":{"rendered":"<h4 id=\"tw-target-text\" class=\"tw-data-text tw-text-large XcVN5d tw-ta\" dir=\"ltr\" data-placeholder=\"Translation\"><span lang=\"ro\">Ulei de masline<\/span><\/h4>\n<p><img loading=\"lazy\" decoding=\"async\" class=\"size-large wp-image-337 aligncenter\" src=\"https:\/\/rforrural.com\/wp-content\/uploads\/2020\/09\/DSC_0001-1-1024x683.jpg\" alt=\"\" width=\"1024\" height=\"683\" srcset=\"https:\/\/rforrural.com\/wp-content\/uploads\/2020\/09\/DSC_0001-1-1024x683.jpg 1024w, https:\/\/rforrural.com\/wp-content\/uploads\/2020\/09\/DSC_0001-1-300x200.jpg 300w, https:\/\/rforrural.com\/wp-content\/uploads\/2020\/09\/DSC_0001-1-768x513.jpg 768w, https:\/\/rforrural.com\/wp-content\/uploads\/2020\/09\/DSC_0001-1-1536x1025.jpg 1536w, https:\/\/rforrural.com\/wp-content\/uploads\/2020\/09\/DSC_0001-1-2048x1367.jpg 2048w, https:\/\/rforrural.com\/wp-content\/uploads\/2020\/09\/DSC_0001-1-830x554.jpg 830w, https:\/\/rforrural.com\/wp-content\/uploads\/2020\/09\/DSC_0001-1-230x154.jpg 230w, https:\/\/rforrural.com\/wp-content\/uploads\/2020\/09\/DSC_0001-1-350x234.jpg 350w, https:\/\/rforrural.com\/wp-content\/uploads\/2020\/09\/DSC_0001-1-480x320.jpg 480w\" sizes=\"auto, (max-width: 1024px) 100vw, 1024px\" \/><\/p>\n<p style=\"text-align: center;\">750ml ulei de m\u0103sline extra virgin, soi koroneiko<\/p>\n<p><img loading=\"lazy\" decoding=\"async\" class=\"size-large wp-image-338 aligncenter\" src=\"https:\/\/rforrural.com\/wp-content\/uploads\/2020\/09\/DSC_0002-1-1024x683.jpg\" alt=\"\" width=\"1024\" height=\"683\" srcset=\"https:\/\/rforrural.com\/wp-content\/uploads\/2020\/09\/DSC_0002-1-1024x683.jpg 1024w, https:\/\/rforrural.com\/wp-content\/uploads\/2020\/09\/DSC_0002-1-300x200.jpg 300w, https:\/\/rforrural.com\/wp-content\/uploads\/2020\/09\/DSC_0002-1-768x513.jpg 768w, https:\/\/rforrural.com\/wp-content\/uploads\/2020\/09\/DSC_0002-1-1536x1025.jpg 1536w, https:\/\/rforrural.com\/wp-content\/uploads\/2020\/09\/DSC_0002-1-2048x1367.jpg 2048w, https:\/\/rforrural.com\/wp-content\/uploads\/2020\/09\/DSC_0002-1-830x554.jpg 830w, https:\/\/rforrural.com\/wp-content\/uploads\/2020\/09\/DSC_0002-1-230x154.jpg 230w, https:\/\/rforrural.com\/wp-content\/uploads\/2020\/09\/DSC_0002-1-350x234.jpg 350w, https:\/\/rforrural.com\/wp-content\/uploads\/2020\/09\/DSC_0002-1-480x320.jpg 480w\" sizes=\"auto, (max-width: 1024px) 100vw, 1024px\" \/><\/p>\n<p style=\"text-align: center;\">500ml ulei de m\u0103sline extra virgin, soi koroneiko<\/p>\n<p><img loading=\"lazy\" decoding=\"async\" class=\"size-large wp-image-339 aligncenter\" src=\"https:\/\/rforrural.com\/wp-content\/uploads\/2020\/09\/DSC_0003-1-1024x683.jpg\" alt=\"\" width=\"1024\" height=\"683\" srcset=\"https:\/\/rforrural.com\/wp-content\/uploads\/2020\/09\/DSC_0003-1-1024x683.jpg 1024w, https:\/\/rforrural.com\/wp-content\/uploads\/2020\/09\/DSC_0003-1-300x200.jpg 300w, https:\/\/rforrural.com\/wp-content\/uploads\/2020\/09\/DSC_0003-1-768x513.jpg 768w, https:\/\/rforrural.com\/wp-content\/uploads\/2020\/09\/DSC_0003-1-1536x1025.jpg 1536w, https:\/\/rforrural.com\/wp-content\/uploads\/2020\/09\/DSC_0003-1-2048x1367.jpg 2048w, https:\/\/rforrural.com\/wp-content\/uploads\/2020\/09\/DSC_0003-1-830x554.jpg 830w, https:\/\/rforrural.com\/wp-content\/uploads\/2020\/09\/DSC_0003-1-230x154.jpg 230w, https:\/\/rforrural.com\/wp-content\/uploads\/2020\/09\/DSC_0003-1-350x234.jpg 350w, https:\/\/rforrural.com\/wp-content\/uploads\/2020\/09\/DSC_0003-1-480x320.jpg 480w\" sizes=\"auto, (max-width: 1024px) 100vw, 1024px\" \/><\/p>\n<p style=\"text-align: center;\">250ml ulei de m\u0103sline extra virgin, soi koroneiko<\/p>\n<p><img loading=\"lazy\" decoding=\"async\" class=\"size-large wp-image-341 aligncenter\" src=\"https:\/\/rforrural.com\/wp-content\/uploads\/2020\/09\/DSC_0004-1-1024x683.jpg\" alt=\"\" width=\"1024\" height=\"683\" srcset=\"https:\/\/rforrural.com\/wp-content\/uploads\/2020\/09\/DSC_0004-1-1024x683.jpg 1024w, https:\/\/rforrural.com\/wp-content\/uploads\/2020\/09\/DSC_0004-1-300x200.jpg 300w, https:\/\/rforrural.com\/wp-content\/uploads\/2020\/09\/DSC_0004-1-768x513.jpg 768w, https:\/\/rforrural.com\/wp-content\/uploads\/2020\/09\/DSC_0004-1-1536x1025.jpg 1536w, https:\/\/rforrural.com\/wp-content\/uploads\/2020\/09\/DSC_0004-1-2048x1367.jpg 2048w, https:\/\/rforrural.com\/wp-content\/uploads\/2020\/09\/DSC_0004-1-830x554.jpg 830w, https:\/\/rforrural.com\/wp-content\/uploads\/2020\/09\/DSC_0004-1-230x154.jpg 230w, https:\/\/rforrural.com\/wp-content\/uploads\/2020\/09\/DSC_0004-1-350x234.jpg 350w, https:\/\/rforrural.com\/wp-content\/uploads\/2020\/09\/DSC_0004-1-480x320.jpg 480w\" sizes=\"auto, (max-width: 1024px) 100vw, 1024px\" \/><\/p>\n<p style=\"text-align: center;\">100ml ulei de m\u0103sline extra virgin, soi koroneiko<\/p>\n<p>&nbsp;<\/p>\n<p>Exist\u0103 posibilitatea de a comanda ulei de m\u0103sline \u00eembuteliat \u00een recipient metalic de urm\u0103toarele dimensiuni: 100ml, 250ml, 500ml, 750ml, 1lt, 2lt, 3lt, 5lt<\/p>\n<p>&nbsp;<\/p>\n","protected":false},"excerpt":{"rendered":"<p>Ulei de masline 750ml ulei de m\u0103sline extra virgin, soi koroneiko 500ml ulei de m\u0103sline extra virgin, soi koroneiko 250ml ulei de [&hellip;]<\/p>\n","protected":false},"author":1,"featured_media":0,"parent":0,"menu_order":0,"comment_status":"closed","ping_status":"closed","template":"page-templates\/page_fullwidth.php","meta":{"_seopress_robots_primary_cat":"","_seopress_titles_title":"","_seopress_titles_desc":"","_seopress_robots_index":"","footnotes":""},"class_list":["post-449","page","type-page","status-publish","hentry"],"_links":{"self":[{"href":"https:\/\/rforrural.com\/index.php?rest_route=\/wp\/v2\/pages\/449","targetHints":{"allow":["GET"]}}],"collection":[{"href":"https:\/\/rforrural.com\/index.php?rest_route=\/wp\/v2\/pages"}],"about":[{"href":"https:\/\/rforrural.com\/index.php?rest_route=\/wp\/v2\/types\/page"}],"author":[{"embeddable":true,"href":"https:\/\/rforrural.com\/index.php?rest_route=\/wp\/v2\/users\/1"}],"replies":[{"embeddable":true,"href":"https:\/\/rforrural.com\/index.php?rest_route=%2Fwp%2Fv2%2Fcomments&post=449"}],"version-history":[{"count":1,"href":"https:\/\/rforrural.com\/index.php?rest_route=\/wp\/v2\/pages\/449\/revisions"}],"predecessor-version":[{"id":451,"href":"https:\/\/rforrural.com\/index.php?rest_route=\/wp\/v2\/pages\/449\/revisions\/451"}],"wp:attachment":[{"href":"https:\/\/rforrural.com\/index.php?rest_route=%2Fwp%2Fv2%2Fmedia&parent=449"}],"curies":[{"name":"wp","href":"https:\/\/api.w.org\/{rel}","templated":true}]}}